{"id":1811,"date":"2024-09-29T16:20:21","date_gmt":"2024-09-29T14:20:21","guid":{"rendered":"https:\/\/doerlesberg.de\/?page_id=1811"},"modified":"2024-10-03T12:05:01","modified_gmt":"2024-10-03T10:05:01","slug":"bauen_und_wohnen","status":"publish","type":"page","link":"https:\/\/doerlesberg.de\/?page_id=1811","title":{"rendered":"Bauen &#038; Wohnen"},"content":{"rendered":"\t\t<div data-elementor-type=\"wp-page\" data-elementor-id=\"1811\" class=\"elementor elementor-1811\">\n\t\t\t\t<div class=\"elementor-element elementor-element-321e0ba e-flex e-con-boxed e-con e-parent\" data-id=\"321e0ba\" data-element_type=\"container\" data-e-type=\"container\">\n\t\t\t\t\t<div class=\"e-con-inner\">\n\t\t\t\t<div class=\"elementor-element elementor-element-84fc396 elementor-widget elementor-widget-heading\" data-id=\"84fc396\" data-element_type=\"widget\" data-e-type=\"widget\" data-widget_type=\"heading.default\">\n\t\t\t\t<div class=\"elementor-widget-container\">\n\t\t\t\t\t<h2 class=\"elementor-heading-title elementor-size-default\">Bauen &amp; Wohnen in D\u00f6rlesberg<\/h2>\t\t\t\t<\/div>\n\t\t\t\t<\/div>\n\t\t\t\t\t<\/div>\n\t\t\t\t<\/div>\n\t\t<div class=\"elementor-element elementor-element-72cc197 e-flex e-con-boxed e-con e-parent\" data-id=\"72cc197\" data-element_type=\"container\" data-e-type=\"container\">\n\t\t\t\t\t<div class=\"e-con-inner\">\n\t\t<div class=\"elementor-element elementor-element-696b2aa e-con-full e-flex e-con e-child\" data-id=\"696b2aa\" data-element_type=\"container\" data-e-type=\"container\">\n\t\t\t\t<div class=\"elementor-element elementor-element-c77775b elementor-widget elementor-widget-image\" data-id=\"c77775b\" data-element_type=\"widget\" data-e-type=\"widget\" data-widget_type=\"image.default\">\n\t\t\t\t<div class=\"elementor-widget-container\">\n\t\t\t\t\t\t\t\t\t\t\t\t\t\t\t\t<a href=\"https:\/\/www.wertheim.de\/stadtentwicklung\/bauen-und-wohnen\/bauen-in-wertheim\/bauplaetze\">\n\t\t\t\t\t\t\t<img fetchpriority=\"high\" decoding=\"async\" width=\"1158\" height=\"743\" src=\"https:\/\/doerlesberg.de\/wp-content\/uploads\/2024\/10\/Luftbild-Neubaugebiet.jpg\" class=\"attachment-full size-full wp-image-1853\" alt=\"\" srcset=\"https:\/\/doerlesberg.de\/wp-content\/uploads\/2024\/10\/Luftbild-Neubaugebiet.jpg 1158w, https:\/\/doerlesberg.de\/wp-content\/uploads\/2024\/10\/Luftbild-Neubaugebiet-300x192.jpg 300w, https:\/\/doerlesberg.de\/wp-content\/uploads\/2024\/10\/Luftbild-Neubaugebiet-1024x657.jpg 1024w, https:\/\/doerlesberg.de\/wp-content\/uploads\/2024\/10\/Luftbild-Neubaugebiet-768x493.jpg 768w\" sizes=\"(max-width: 1158px) 100vw, 1158px\" \/>\t\t\t\t\t\t\t\t<\/a>\n\t\t\t\t\t\t\t\t\t\t\t\t\t\t\t<\/div>\n\t\t\t\t<\/div>\n\t\t\t\t<div class=\"elementor-element elementor-element-f42069c elementor-align-center elementor-icon-list--layout-traditional elementor-list-item-link-full_width elementor-widget elementor-widget-icon-list\" data-id=\"f42069c\" data-element_type=\"widget\" data-e-type=\"widget\" data-widget_type=\"icon-list.default\">\n\t\t\t\t<div class=\"elementor-widget-container\">\n\t\t\t\t\t\t\t<ul class=\"elementor-icon-list-items\">\n\t\t\t\t\t\t\t<li class=\"elementor-icon-list-item\">\n\t\t\t\t\t\t\t\t\t\t\t<a href=\"https:\/\/www.wertheim.de\/stadtentwicklung\/bauen-und-wohnen\/bauen-in-wertheim\/bauplaetze\">\n\n\t\t\t\t\t\t\t\t\t\t\t\t<span class=\"elementor-icon-list-icon\">\n\t\t\t\t\t\t\t<svg aria-hidden=\"true\" class=\"e-font-icon-svg e-fas-external-link-square-alt\" viewBox=\"0 0 448 512\" xmlns=\"http:\/\/www.w3.org\/2000\/svg\"><path d=\"M448 80v352c0 26.51-21.49 48-48 48H48c-26.51 0-48-21.49-48-48V80c0-26.51 21.49-48 48-48h352c26.51 0 48 21.49 48 48zm-88 16H248.029c-21.313 0-32.08 25.861-16.971 40.971l31.984 31.987L67.515 364.485c-4.686 4.686-4.686 12.284 0 16.971l31.029 31.029c4.687 4.686 12.285 4.686 16.971 0l195.526-195.526 31.988 31.991C358.058 263.977 384 253.425 384 231.979V120c0-13.255-10.745-24-24-24z\"><\/path><\/svg>\t\t\t\t\t\t<\/span>\n\t\t\t\t\t\t\t\t\t\t<span class=\"elementor-icon-list-text\">Baupl\u00e4tze in D\u00f6rlesberg<\/span>\n\t\t\t\t\t\t\t\t\t\t\t<\/a>\n\t\t\t\t\t\t\t\t\t<\/li>\n\t\t\t\t\t\t<\/ul>\n\t\t\t\t\t\t<\/div>\n\t\t\t\t<\/div>\n\t\t\t\t<\/div>\n\t\t<div class=\"elementor-element elementor-element-8a12f72 e-con-full e-flex e-con e-child\" data-id=\"8a12f72\" data-element_type=\"container\" data-e-type=\"container\">\n\t\t\t\t<div class=\"elementor-element elementor-element-6c64835 elementor-widget elementor-widget-text-editor\" data-id=\"6c64835\" data-element_type=\"widget\" data-e-type=\"widget\" data-widget_type=\"text-editor.default\">\n\t\t\t\t<div class=\"elementor-widget-container\">\n\t\t\t\t\t\t\t\t\t<p>Aktuell sind leider alle Baupl\u00e4tze im Neubaugebiet &#8222;Felder&#8220; in D\u00f6rlesberg verkauft bzw. bebaut.<\/p><p>Wir sind aber gerade an der Planung eines neuen Baugebiets. Sobald es dazu neue Infos gibt findest du diese hier sowie auf der Seite der Stadt Wertheim.<\/p>\t\t\t\t\t\t\t\t<\/div>\n\t\t\t\t<\/div>\n\t\t\t\t<\/div>\n\t\t\t\t\t<\/div>\n\t\t\t\t<\/div>\n\t\t\t\t<\/div>\n\t\t","protected":false},"excerpt":{"rendered":"<p>Bauen &amp; Wohnen in D\u00f6rlesberg Baupl\u00e4tze in D\u00f6rlesberg Aktuell sind leider alle Baupl\u00e4tze im Neubaugebiet &#8222;Felder&#8220; in D\u00f6rlesberg verkauft bzw. bebaut. Wir sind aber gerade an der Planung eines neuen Baugebiets. Sobald es dazu neue Infos gibt findest du diese hier sowie auf der Seite der Stadt Wertheim.<\/p>\n","protected":false},"author":2,"featured_media":0,"parent":0,"menu_order":0,"comment_status":"closed","ping_status":"closed","template":"","meta":{"site-sidebar-layout":"no-sidebar","site-content-layout":"page-builder","ast-site-content-layout":"full-width-container","site-content-style":"default","site-sidebar-style":"default","ast-global-header-display":"","ast-banner-title-visibility":"","ast-main-header-display":"","ast-hfb-above-header-display":"","ast-hfb-below-header-display":"","ast-hfb-mobile-header-display":"","site-post-title":"disabled","ast-breadcrumbs-content":"","ast-featured-img":"disabled","footer-sml-layout":"","theme-transparent-header-meta":"","adv-header-id-meta":"","stick-header-meta":"","header-above-stick-meta":"","header-main-stick-meta":"","header-below-stick-meta":"","astra-migrate-meta-layouts":"default","ast-page-background-enabled":"default","ast-page-background-meta":{"desktop":{"background-color":"var(--ast-global-color-4)","background-image":"","background-repeat":"repeat","background-position":"center center","background-size":"auto","background-attachment":"scroll","background-type":"","background-media":"","overlay-type":"","overlay-color":"","overlay-opacity":"","overlay-gradient":""},"tablet":{"background-color":"","background-image":"","background-repeat":"repeat","background-position":"center center","background-size":"auto","background-attachment":"scroll","background-type":"","background-media":"","overlay-type":"","overlay-color":"","overlay-opacity":"","overlay-gradient":""},"mobile":{"background-color":"","background-image":"","background-repeat":"repeat","background-position":"center center","background-size":"auto","background-attachment":"scroll","background-type":"","background-media":"","overlay-type":"","overlay-color":"","overlay-opacity":"","overlay-gradient":""}},"ast-content-background-meta":{"desktop":{"background-color":"var(--ast-global-color-5)","background-image":"","background-repeat":"repeat","background-position":"center center","background-size":"auto","background-attachment":"scroll","background-type":"","background-media":"","overlay-type":"","overlay-color":"","overlay-opacity":"","overlay-gradient":""},"tablet":{"background-color":"var(--ast-global-color-5)","background-image":"","background-repeat":"repeat","background-position":"center center","background-size":"auto","background-attachment":"scroll","background-type":"","background-media":"","overlay-type":"","overlay-color":"","overlay-opacity":"","overlay-gradient":""},"mobile":{"background-color":"var(--ast-global-color-5)","background-image":"","background-repeat":"repeat","background-position":"center center","background-size":"auto","background-attachment":"scroll","background-type":"","background-media":"","overlay-type":"","overlay-color":"","overlay-opacity":"","overlay-gradient":""}},"footnotes":""},"class_list":["post-1811","page","type-page","status-publish","hentry"],"_links":{"self":[{"href":"https:\/\/doerlesberg.de\/index.php?rest_route=\/wp\/v2\/pages\/1811","targetHints":{"allow":["GET"]}}],"collection":[{"href":"https:\/\/doerlesberg.de\/index.php?rest_route=\/wp\/v2\/pages"}],"about":[{"href":"https:\/\/doerlesberg.de\/index.php?rest_route=\/wp\/v2\/types\/page"}],"author":[{"embeddable":true,"href":"https:\/\/doerlesberg.de\/index.php?rest_route=\/wp\/v2\/users\/2"}],"replies":[{"embeddable":true,"href":"https:\/\/doerlesberg.de\/index.php?rest_route=%2Fwp%2Fv2%2Fcomments&post=1811"}],"version-history":[{"count":10,"href":"https:\/\/doerlesberg.de\/index.php?rest_route=\/wp\/v2\/pages\/1811\/revisions"}],"predecessor-version":[{"id":1856,"href":"https:\/\/doerlesberg.de\/index.php?rest_route=\/wp\/v2\/pages\/1811\/revisions\/1856"}],"wp:attachment":[{"href":"https:\/\/doerlesberg.de\/index.php?rest_route=%2Fwp%2Fv2%2Fmedia&parent=1811"}],"curies":[{"name":"wp","href":"https:\/\/api.w.org\/{rel}","templated":true}]}}