{"id":1919,"date":"2024-10-05T14:24:41","date_gmt":"2024-10-05T12:24:41","guid":{"rendered":"https:\/\/doerlesberg.de\/?page_id=1919"},"modified":"2024-10-05T14:31:37","modified_gmt":"2024-10-05T12:31:37","slug":"buergerhaus","status":"publish","type":"page","link":"https:\/\/doerlesberg.de\/?page_id=1919","title":{"rendered":"B\u00fcrgerhaus"},"content":{"rendered":"\t\t<div data-elementor-type=\"wp-page\" data-elementor-id=\"1919\" class=\"elementor elementor-1919\">\n\t\t\t\t<div class=\"elementor-element elementor-element-cc1f1a1 e-flex e-con-boxed e-con e-parent\" data-id=\"cc1f1a1\" data-element_type=\"container\" data-e-type=\"container\">\n\t\t\t\t\t<div class=\"e-con-inner\">\n\t\t\t\t<div class=\"elementor-element elementor-element-244e664 elementor-widget elementor-widget-heading\" data-id=\"244e664\" data-element_type=\"widget\" data-e-type=\"widget\" data-widget_type=\"heading.default\">\n\t\t\t\t<div class=\"elementor-widget-container\">\n\t\t\t\t\t<h2 class=\"elementor-heading-title elementor-size-default\">B\u00fcrgerhaus<\/h2>\t\t\t\t<\/div>\n\t\t\t\t<\/div>\n\t\t\t\t\t<\/div>\n\t\t\t\t<\/div>\n\t\t<div class=\"elementor-element elementor-element-e80808b e-flex e-con-boxed e-con e-parent\" data-id=\"e80808b\" data-element_type=\"container\" data-e-type=\"container\">\n\t\t\t\t\t<div class=\"e-con-inner\">\n\t\t<div class=\"elementor-element elementor-element-b4ede3d e-con-full e-flex e-con e-child\" data-id=\"b4ede3d\" data-element_type=\"container\" data-e-type=\"container\">\n\t\t\t\t<div class=\"elementor-element elementor-element-fe91b11 elementor-widget elementor-widget-image\" data-id=\"fe91b11\" data-element_type=\"widget\" data-e-type=\"widget\" data-widget_type=\"image.default\">\n\t\t\t\t<div class=\"elementor-widget-container\">\n\t\t\t\t\t\t\t\t\t\t\t\t\t\t\t<img fetchpriority=\"high\" decoding=\"async\" width=\"1020\" height=\"884\" src=\"https:\/\/doerlesberg.de\/wp-content\/uploads\/2024\/09\/Doerlesberg-Buergerhaus.jpg\" class=\"attachment-large size-large wp-image-25\" alt=\"\" srcset=\"https:\/\/doerlesberg.de\/wp-content\/uploads\/2024\/09\/Doerlesberg-Buergerhaus.jpg 1020w, https:\/\/doerlesberg.de\/wp-content\/uploads\/2024\/09\/Doerlesberg-Buergerhaus-300x260.jpg 300w, https:\/\/doerlesberg.de\/wp-content\/uploads\/2024\/09\/Doerlesberg-Buergerhaus-768x666.jpg 768w\" sizes=\"(max-width: 1020px) 100vw, 1020px\" \/>\t\t\t\t\t\t\t\t\t\t\t\t\t\t\t<\/div>\n\t\t\t\t<\/div>\n\t\t\t\t<div class=\"elementor-element elementor-element-9ca1a03 elementor-widget elementor-widget-image\" data-id=\"9ca1a03\" data-element_type=\"widget\" data-e-type=\"widget\" data-widget_type=\"image.default\">\n\t\t\t\t<div class=\"elementor-widget-container\">\n\t\t\t\t\t\t\t\t\t\t\t\t\t\t\t<img decoding=\"async\" width=\"640\" height=\"480\" src=\"https:\/\/doerlesberg.de\/wp-content\/uploads\/2024\/10\/aussen_buergerhaus_1.jpg\" class=\"attachment-large size-large wp-image-1921\" alt=\"\" srcset=\"https:\/\/doerlesberg.de\/wp-content\/uploads\/2024\/10\/aussen_buergerhaus_1.jpg 640w, https:\/\/doerlesberg.de\/wp-content\/uploads\/2024\/10\/aussen_buergerhaus_1-300x225.jpg 300w\" sizes=\"(max-width: 640px) 100vw, 640px\" \/>\t\t\t\t\t\t\t\t\t\t\t\t\t\t\t<\/div>\n\t\t\t\t<\/div>\n\t\t\t\t<\/div>\n\t\t<div class=\"elementor-element elementor-element-3435e4d e-con-full e-flex e-con e-child\" data-id=\"3435e4d\" data-element_type=\"container\" data-e-type=\"container\">\n\t\t\t\t<div class=\"elementor-element elementor-element-1e89ee0 elementor-widget elementor-widget-text-editor\" data-id=\"1e89ee0\" data-element_type=\"widget\" data-e-type=\"widget\" data-widget_type=\"text-editor.default\">\n\t\t\t\t<div class=\"elementor-widget-container\">\n\t\t\t\t\t\t\t\t\t<p>Das B\u00fcrgerhaus bildet nicht nur geographisch den Mittelpunkt der Ortschaft, auch kulturell und verwaltungstechnisch schl\u00e4gt hier das Herz der Ortschaft. Im B\u00fcrgerhaus findet neben dem Musikverein auch die Feuerwehr ihre Heimat. Im inneren gibt es einen Mehrzweckraum sowie den B\u00fcrgersaal mit angeschlossener K\u00fcche, der neben \u00f6ffentlichen Ortschaftsratssitzungen und Veranstaltungen wie dem Seniorennachmittag auch f\u00fcr private Feierlichkeiten gemietet werden kann. Eingefasst wird das B\u00fcrgerhaus von Pflanzbeeten und einem weitl\u00e4ufigen Hof vor den Toren der Feuerwehr. Hier finden \u00fcber das Jahr verschiedene Veranstaltungen, wie das Maibaumfest oder das Singen unterm Tannenbaum statt.<\/p>\t\t\t\t\t\t\t\t<\/div>\n\t\t\t\t<\/div>\n\t\t\t\t<\/div>\n\t\t\t\t\t<\/div>\n\t\t\t\t<\/div>\n\t\t<div class=\"elementor-element elementor-element-fb3cb6f e-flex e-con-boxed e-con e-parent\" data-id=\"fb3cb6f\" data-element_type=\"container\" data-e-type=\"container\" data-settings=\"{&quot;background_background&quot;:&quot;classic&quot;}\">\n\t\t\t\t\t<div class=\"e-con-inner\">\n\t\t\t\t<div class=\"elementor-element elementor-element-f44c143 elementor-widget elementor-widget-heading\" data-id=\"f44c143\" data-element_type=\"widget\" data-e-type=\"widget\" data-widget_type=\"heading.default\">\n\t\t\t\t<div class=\"elementor-widget-container\">\n\t\t\t\t\t<h2 class=\"elementor-heading-title elementor-size-default\">Impressionen<\/h2>\t\t\t\t<\/div>\n\t\t\t\t<\/div>\n\t\t\t\t<div class=\"elementor-element elementor-element-9562613 elementor-widget-divider--view-line elementor-widget elementor-widget-divider\" data-id=\"9562613\" data-element_type=\"widget\" data-e-type=\"widget\" data-widget_type=\"divider.default\">\n\t\t\t\t<div class=\"elementor-widget-container\">\n\t\t\t\t\t\t\t<div class=\"elementor-divider\">\n\t\t\t<span class=\"elementor-divider-separator\">\n\t\t\t\t\t\t<\/span>\n\t\t<\/div>\n\t\t\t\t\t\t<\/div>\n\t\t\t\t<\/div>\n\t\t\t\t\t<\/div>\n\t\t\t\t<\/div>\n\t\t<div class=\"elementor-element elementor-element-3877224 e-flex e-con-boxed e-con e-parent\" data-id=\"3877224\" data-element_type=\"container\" data-e-type=\"container\">\n\t\t\t\t\t<div class=\"e-con-inner\">\n\t\t<div class=\"elementor-element elementor-element-a415ff9 e-con-full e-flex e-con e-child\" data-id=\"a415ff9\" data-element_type=\"container\" data-e-type=\"container\">\n\t\t\t\t<div class=\"elementor-element elementor-element-d468117 elementor-position-top elementor-widget elementor-widget-image-box\" data-id=\"d468117\" data-element_type=\"widget\" data-e-type=\"widget\" data-widget_type=\"image-box.default\">\n\t\t\t\t<div class=\"elementor-widget-container\">\n\t\t\t\t\t<div class=\"elementor-image-box-wrapper\"><figure class=\"elementor-image-box-img\"><img decoding=\"async\" width=\"1280\" height=\"1280\" src=\"https:\/\/doerlesberg.de\/wp-content\/uploads\/2024\/09\/wappen_nachgezeichnet_NEUohnebg.png\" class=\"attachment-full size-full wp-image-6\" alt=\"\" srcset=\"https:\/\/doerlesberg.de\/wp-content\/uploads\/2024\/09\/wappen_nachgezeichnet_NEUohnebg.png 1280w, https:\/\/doerlesberg.de\/wp-content\/uploads\/2024\/09\/wappen_nachgezeichnet_NEUohnebg-300x300.png 300w, https:\/\/doerlesberg.de\/wp-content\/uploads\/2024\/09\/wappen_nachgezeichnet_NEUohnebg-1024x1024.png 1024w, https:\/\/doerlesberg.de\/wp-content\/uploads\/2024\/09\/wappen_nachgezeichnet_NEUohnebg-150x150.png 150w, https:\/\/doerlesberg.de\/wp-content\/uploads\/2024\/09\/wappen_nachgezeichnet_NEUohnebg-768x768.png 768w, https:\/\/doerlesberg.de\/wp-content\/uploads\/2024\/09\/wappen_nachgezeichnet_NEUohnebg-120x120.png 120w\" sizes=\"(max-width: 1280px) 100vw, 1280px\" \/><\/figure><div class=\"elementor-image-box-content\"><h3 class=\"elementor-image-box-title\">B\u00fcrgersaal<\/h3><\/div><\/div>\t\t\t\t<\/div>\n\t\t\t\t<\/div>\n\t\t\t\t<\/div>\n\t\t<div class=\"elementor-element elementor-element-4d50f3a e-con-full e-flex e-con e-child\" data-id=\"4d50f3a\" data-element_type=\"container\" data-e-type=\"container\">\n\t\t\t\t<div class=\"elementor-element elementor-element-2ef7a5f elementor-position-top elementor-widget elementor-widget-image-box\" data-id=\"2ef7a5f\" data-element_type=\"widget\" data-e-type=\"widget\" data-widget_type=\"image-box.default\">\n\t\t\t\t<div class=\"elementor-widget-container\">\n\t\t\t\t\t<div class=\"elementor-image-box-wrapper\"><figure class=\"elementor-image-box-img\"><img decoding=\"async\" width=\"1280\" height=\"1280\" src=\"https:\/\/doerlesberg.de\/wp-content\/uploads\/2024\/09\/wappen_nachgezeichnet_NEUohnebg.png\" class=\"attachment-full size-full wp-image-6\" alt=\"\" srcset=\"https:\/\/doerlesberg.de\/wp-content\/uploads\/2024\/09\/wappen_nachgezeichnet_NEUohnebg.png 1280w, https:\/\/doerlesberg.de\/wp-content\/uploads\/2024\/09\/wappen_nachgezeichnet_NEUohnebg-300x300.png 300w, https:\/\/doerlesberg.de\/wp-content\/uploads\/2024\/09\/wappen_nachgezeichnet_NEUohnebg-1024x1024.png 1024w, https:\/\/doerlesberg.de\/wp-content\/uploads\/2024\/09\/wappen_nachgezeichnet_NEUohnebg-150x150.png 150w, https:\/\/doerlesberg.de\/wp-content\/uploads\/2024\/09\/wappen_nachgezeichnet_NEUohnebg-768x768.png 768w, https:\/\/doerlesberg.de\/wp-content\/uploads\/2024\/09\/wappen_nachgezeichnet_NEUohnebg-120x120.png 120w\" sizes=\"(max-width: 1280px) 100vw, 1280px\" \/><\/figure><div class=\"elementor-image-box-content\"><h3 class=\"elementor-image-box-title\">Mehrzweckraum<\/h3><\/div><\/div>\t\t\t\t<\/div>\n\t\t\t\t<\/div>\n\t\t\t\t<\/div>\n\t\t\t\t\t<\/div>\n\t\t\t\t<\/div>\n\t\t<div class=\"elementor-element elementor-element-661946f e-flex e-con-boxed e-con e-parent\" data-id=\"661946f\" data-element_type=\"container\" data-e-type=\"container\">\n\t\t\t\t\t<div class=\"e-con-inner\">\n\t\t<div class=\"elementor-element elementor-element-899aeb0 e-con-full e-flex e-con e-child\" data-id=\"899aeb0\" data-element_type=\"container\" data-e-type=\"container\">\n\t\t\t\t<div class=\"elementor-element elementor-element-d6cfe61 elementor-position-top elementor-widget elementor-widget-image-box\" data-id=\"d6cfe61\" data-element_type=\"widget\" data-e-type=\"widget\" data-widget_type=\"image-box.default\">\n\t\t\t\t<div class=\"elementor-widget-container\">\n\t\t\t\t\t<div class=\"elementor-image-box-wrapper\"><figure class=\"elementor-image-box-img\"><img decoding=\"async\" width=\"1280\" height=\"1280\" src=\"https:\/\/doerlesberg.de\/wp-content\/uploads\/2024\/09\/wappen_nachgezeichnet_NEUohnebg.png\" class=\"attachment-full size-full wp-image-6\" alt=\"\" srcset=\"https:\/\/doerlesberg.de\/wp-content\/uploads\/2024\/09\/wappen_nachgezeichnet_NEUohnebg.png 1280w, https:\/\/doerlesberg.de\/wp-content\/uploads\/2024\/09\/wappen_nachgezeichnet_NEUohnebg-300x300.png 300w, https:\/\/doerlesberg.de\/wp-content\/uploads\/2024\/09\/wappen_nachgezeichnet_NEUohnebg-1024x1024.png 1024w, https:\/\/doerlesberg.de\/wp-content\/uploads\/2024\/09\/wappen_nachgezeichnet_NEUohnebg-150x150.png 150w, https:\/\/doerlesberg.de\/wp-content\/uploads\/2024\/09\/wappen_nachgezeichnet_NEUohnebg-768x768.png 768w, https:\/\/doerlesberg.de\/wp-content\/uploads\/2024\/09\/wappen_nachgezeichnet_NEUohnebg-120x120.png 120w\" sizes=\"(max-width: 1280px) 100vw, 1280px\" \/><\/figure><div class=\"elementor-image-box-content\"><h3 class=\"elementor-image-box-title\">Feuerwehr<\/h3><\/div><\/div>\t\t\t\t<\/div>\n\t\t\t\t<\/div>\n\t\t\t\t<\/div>\n\t\t<div class=\"elementor-element elementor-element-7b86bf2 e-con-full e-flex e-con e-child\" data-id=\"7b86bf2\" data-element_type=\"container\" data-e-type=\"container\">\n\t\t\t\t<div class=\"elementor-element elementor-element-6908e8b elementor-position-top elementor-widget elementor-widget-image-box\" data-id=\"6908e8b\" data-element_type=\"widget\" data-e-type=\"widget\" data-widget_type=\"image-box.default\">\n\t\t\t\t<div class=\"elementor-widget-container\">\n\t\t\t\t\t<div class=\"elementor-image-box-wrapper\"><figure class=\"elementor-image-box-img\"><img loading=\"lazy\" decoding=\"async\" width=\"1067\" height=\"800\" src=\"https:\/\/doerlesberg.de\/wp-content\/uploads\/2024\/10\/b9410a1b34f6160ab543f47e07496c23.png\" class=\"attachment-full size-full wp-image-1922\" alt=\"\" srcset=\"https:\/\/doerlesberg.de\/wp-content\/uploads\/2024\/10\/b9410a1b34f6160ab543f47e07496c23.png 1067w, https:\/\/doerlesberg.de\/wp-content\/uploads\/2024\/10\/b9410a1b34f6160ab543f47e07496c23-300x225.png 300w, https:\/\/doerlesberg.de\/wp-content\/uploads\/2024\/10\/b9410a1b34f6160ab543f47e07496c23-1024x768.png 1024w, https:\/\/doerlesberg.de\/wp-content\/uploads\/2024\/10\/b9410a1b34f6160ab543f47e07496c23-768x576.png 768w\" sizes=\"(max-width: 1067px) 100vw, 1067px\" \/><\/figure><div class=\"elementor-image-box-content\"><h3 class=\"elementor-image-box-title\">Maibaumfest<\/h3><\/div><\/div>\t\t\t\t<\/div>\n\t\t\t\t<\/div>\n\t\t\t\t<\/div>\n\t\t\t\t\t<\/div>\n\t\t\t\t<\/div>\n\t\t<div class=\"elementor-element elementor-element-8581948 e-flex e-con-boxed e-con e-parent\" data-id=\"8581948\" data-element_type=\"container\" data-e-type=\"container\">\n\t\t\t\t\t<div class=\"e-con-inner\">\n\t\t<div class=\"elementor-element elementor-element-961bff4 e-con-full e-flex e-con e-child\" data-id=\"961bff4\" data-element_type=\"container\" data-e-type=\"container\">\n\t\t\t\t<div class=\"elementor-element elementor-element-ccfd68c elementor-position-top elementor-widget elementor-widget-image-box\" data-id=\"ccfd68c\" data-element_type=\"widget\" data-e-type=\"widget\" data-widget_type=\"image-box.default\">\n\t\t\t\t<div class=\"elementor-widget-container\">\n\t\t\t\t\t<div class=\"elementor-image-box-wrapper\"><figure class=\"elementor-image-box-img\"><img loading=\"lazy\" decoding=\"async\" width=\"768\" height=\"1024\" src=\"https:\/\/doerlesberg.de\/wp-content\/uploads\/2024\/10\/IMG-20230519-WA0002.jpg\" class=\"attachment-full size-full wp-image-1924\" alt=\"\" srcset=\"https:\/\/doerlesberg.de\/wp-content\/uploads\/2024\/10\/IMG-20230519-WA0002.jpg 768w, https:\/\/doerlesberg.de\/wp-content\/uploads\/2024\/10\/IMG-20230519-WA0002-225x300.jpg 225w\" sizes=\"(max-width: 768px) 100vw, 768px\" \/><\/figure><div class=\"elementor-image-box-content\"><h3 class=\"elementor-image-box-title\">Feuerwehrfest 2023<\/h3><\/div><\/div>\t\t\t\t<\/div>\n\t\t\t\t<\/div>\n\t\t\t\t<\/div>\n\t\t<div class=\"elementor-element elementor-element-a4f3636 e-con-full e-flex e-con e-child\" data-id=\"a4f3636\" data-element_type=\"container\" data-e-type=\"container\">\n\t\t\t\t<div class=\"elementor-element elementor-element-ef44713 elementor-position-top elementor-widget elementor-widget-image-box\" data-id=\"ef44713\" data-element_type=\"widget\" data-e-type=\"widget\" data-widget_type=\"image-box.default\">\n\t\t\t\t<div class=\"elementor-widget-container\">\n\t\t\t\t\t<div class=\"elementor-image-box-wrapper\"><figure class=\"elementor-image-box-img\"><img decoding=\"async\" width=\"1280\" height=\"1280\" src=\"https:\/\/doerlesberg.de\/wp-content\/uploads\/2024\/09\/wappen_nachgezeichnet_NEUohnebg.png\" class=\"attachment-full size-full wp-image-6\" alt=\"\" srcset=\"https:\/\/doerlesberg.de\/wp-content\/uploads\/2024\/09\/wappen_nachgezeichnet_NEUohnebg.png 1280w, https:\/\/doerlesberg.de\/wp-content\/uploads\/2024\/09\/wappen_nachgezeichnet_NEUohnebg-300x300.png 300w, https:\/\/doerlesberg.de\/wp-content\/uploads\/2024\/09\/wappen_nachgezeichnet_NEUohnebg-1024x1024.png 1024w, https:\/\/doerlesberg.de\/wp-content\/uploads\/2024\/09\/wappen_nachgezeichnet_NEUohnebg-150x150.png 150w, https:\/\/doerlesberg.de\/wp-content\/uploads\/2024\/09\/wappen_nachgezeichnet_NEUohnebg-768x768.png 768w, https:\/\/doerlesberg.de\/wp-content\/uploads\/2024\/09\/wappen_nachgezeichnet_NEUohnebg-120x120.png 120w\" sizes=\"(max-width: 1280px) 100vw, 1280px\" \/><\/figure><div class=\"elementor-image-box-content\"><h3 class=\"elementor-image-box-title\">Singen unterm Tannenbaum<\/h3><\/div><\/div>\t\t\t\t<\/div>\n\t\t\t\t<\/div>\n\t\t\t\t<\/div>\n\t\t\t\t\t<\/div>\n\t\t\t\t<\/div>\n\t\t\t\t<\/div>\n\t\t","protected":false},"excerpt":{"rendered":"<p>B\u00fcrgerhaus Das B\u00fcrgerhaus bildet nicht nur geographisch den Mittelpunkt der Ortschaft, auch kulturell und verwaltungstechnisch schl\u00e4gt hier das Herz der Ortschaft. Im B\u00fcrgerhaus findet neben dem Musikverein auch die Feuerwehr ihre Heimat. Im inneren gibt es einen Mehrzweckraum sowie den B\u00fcrgersaal mit angeschlossener K\u00fcche, der neben \u00f6ffentlichen Ortschaftsratssitzungen und Veranstaltungen wie dem Seniorennachmittag auch f\u00fcr [&hellip;]<\/p>\n","protected":false},"author":2,"featured_media":0,"parent":0,"menu_order":0,"comment_status":"closed","ping_status":"closed","template":"","meta":{"site-sidebar-layout":"no-sidebar","site-content-layout":"page-builder","ast-site-content-layout":"full-width-container","site-content-style":"default","site-sidebar-style":"default","ast-global-header-display":"","ast-banner-title-visibility":"","ast-main-header-display":"","ast-hfb-above-header-display":"","ast-hfb-below-header-display":"","ast-hfb-mobile-header-display":"","site-post-title":"disabled","ast-breadcrumbs-content":"","ast-featured-img":"disabled","footer-sml-layout":"","theme-transparent-header-meta":"","adv-header-id-meta":"","stick-header-meta":"","header-above-stick-meta":"","header-main-stick-meta":"","header-below-stick-meta":"","astra-migrate-meta-layouts":"default","ast-page-background-enabled":"default","ast-page-background-meta":{"desktop":{"background-color":"var(--ast-global-color-4)","background-image":"","background-repeat":"repeat","background-position":"center center","background-size":"auto","background-attachment":"scroll","background-type":"","background-media":"","overlay-type":"","overlay-color":"","overlay-opacity":"","overlay-gradient":""},"tablet":{"background-color":"","background-image":"","background-repeat":"repeat","background-position":"center center","background-size":"auto","background-attachment":"scroll","background-type":"","background-media":"","overlay-type":"","overlay-color":"","overlay-opacity":"","overlay-gradient":""},"mobile":{"background-color":"","background-image":"","background-repeat":"repeat","background-position":"center center","background-size":"auto","background-attachment":"scroll","background-type":"","background-media":"","overlay-type":"","overlay-color":"","overlay-opacity":"","overlay-gradient":""}},"ast-content-background-meta":{"desktop":{"background-color":"var(--ast-global-color-5)","background-image":"","background-repeat":"repeat","background-position":"center center","background-size":"auto","background-attachment":"scroll","background-type":"","background-media":"","overlay-type":"","overlay-color":"","overlay-opacity":"","overlay-gradient":""},"tablet":{"background-color":"var(--ast-global-color-5)","background-image":"","background-repeat":"repeat","background-position":"center center","background-size":"auto","background-attachment":"scroll","background-type":"","background-media":"","overlay-type":"","overlay-color":"","overlay-opacity":"","overlay-gradient":""},"mobile":{"background-color":"var(--ast-global-color-5)","background-image":"","background-repeat":"repeat","background-position":"center center","background-size":"auto","background-attachment":"scroll","background-type":"","background-media":"","overlay-type":"","overlay-color":"","overlay-opacity":"","overlay-gradient":""}},"footnotes":""},"class_list":["post-1919","page","type-page","status-publish","hentry"],"_links":{"self":[{"href":"https:\/\/doerlesberg.de\/index.php?rest_route=\/wp\/v2\/pages\/1919","targetHints":{"allow":["GET"]}}],"collection":[{"href":"https:\/\/doerlesberg.de\/index.php?rest_route=\/wp\/v2\/pages"}],"about":[{"href":"https:\/\/doerlesberg.de\/index.php?rest_route=\/wp\/v2\/types\/page"}],"author":[{"embeddable":true,"href":"https:\/\/doerlesberg.de\/index.php?rest_route=\/wp\/v2\/users\/2"}],"replies":[{"embeddable":true,"href":"https:\/\/doerlesberg.de\/index.php?rest_route=%2Fwp%2Fv2%2Fcomments&post=1919"}],"version-history":[{"count":4,"href":"https:\/\/doerlesberg.de\/index.php?rest_route=\/wp\/v2\/pages\/1919\/revisions"}],"predecessor-version":[{"id":1927,"href":"https:\/\/doerlesberg.de\/index.php?rest_route=\/wp\/v2\/pages\/1919\/revisions\/1927"}],"wp:attachment":[{"href":"https:\/\/doerlesberg.de\/index.php?rest_route=%2Fwp%2Fv2%2Fmedia&parent=1919"}],"curies":[{"name":"wp","href":"https:\/\/api.w.org\/{rel}","templated":true}]}}